{"id":9,"date":"2017-11-06T18:36:03","date_gmt":"2017-11-06T17:36:03","guid":{"rendered":"http:\/\/studiolegalericcardocristofari.it\/?page_id=9"},"modified":"2021-04-21T10:48:54","modified_gmt":"2021-04-21T08:48:54","slug":"contatti","status":"publish","type":"page","link":"https:\/\/studiolegalericcardocristofari.it\/index.php\/contatti\/","title":{"rendered":"Contatti"},"content":{"rendered":"\n<p><strong>Protocollo Anti Covid-19<\/strong><\/p>\n\n\n\n<p>Si informano i gentili Clienti:<\/p>\n\n\n\n<ul><li>che il contatto con i clienti avverr\u00e0 di regola tramite modalit\u00e0 di collegamento a distanza e soluzioni tecnologiche (utilizzo piattaforma Teams, videoconferenze WhatsApp o Skipe);<\/li><li>che l\u2019accesso dei Clienti, qualora si renda necessario, avverr\u00e0 solo tramite prenotazione e consentendo la presenza contemporanea di non pi\u00f9 di due clienti;<\/li><li>che il contatto con i Clienti avverr\u00e0 in apposito locale che consentir\u00e0 il mantenimento di almeno un metro di distanza e la delimitazione dall\u2019avvocato con barriera in vetro atta a prevenire l\u2019effetto droplet <u>e sar\u00e0 obbligatorio l\u2019uso della mascherina<\/u>;<\/li><li>che, qualora dovesse ritenersi necessaria una riunione, questa avverr\u00e0 tramite modalit\u00e0 di collegamento a distanza e soluzioni tecnologiche (utilizzo piattaforma Teams, videoconferenze WhatsApp o Skipe); nel caso in cui tali modalit\u00e0 non siano possibili, la riunione avverr\u00e0 in apposito locale che consentir\u00e0 di mantenere la distanza di almeno un metro tra le persone <u>e sar\u00e0 obbligatorio l\u2019uso della mascherina<\/u>;<\/li><li>che nell\u2019area di attesa sar\u00e0 messa a disposizione una soluzione idro-alcolica per l\u2019igiene delle mani dei Clienti;<\/li><li>che all\u2019interno dello Studio si proceder\u00e0 ad una frequente igiene delle mani, mediante lavaggio con sapone o utilizzo di soluzione idro-alcolica;<\/li><li>che le superfici di lavoro saranno sottoposte ad adeguata pulizia prima di ricevere un nuovo cliente e ad una adeguata disinfezione delle attrezzature;<\/li><li>che nei locali dello Studio sar\u00e0 effettuato un ricambio d\u2019aria frequente, mentre gli impianti di condizionamento, qualora in funzione, saranno sottoposti a previa disinfezione e sar\u00e0 esclusa la funzione di ricircolo dell\u2019aria.<\/li><\/ul>\n\n\n\n<p><strong><span style=\"vertical-align: inherit;\"><span style=\"vertical-align: inherit;\">Indirizzo<\/span><\/span><\/strong><br><span style=\"vertical-align: inherit;\"><span style=\"vertical-align: inherit;\"> Viale Resistenza n. 52 Ab, int. 3<\/span><span style=\"vertical-align: inherit;\">&nbsp;<\/span><\/span><br><span style=\"vertical-align: inherit;\"><span style=\"vertical-align: inherit;\">54011 Aulla (MS)<\/span><\/span><\/p>\n\n\n\n<p><strong><span style=\"vertical-align: inherit;\"><span style=\"vertical-align: inherit;\">Orari<\/span><\/span><\/strong><br><span style=\"vertical-align: inherit;\"><span style=\"vertical-align: inherit;\"> luned\u00ec-venerd\u00ec: 9: 00-13: 00; <\/span><span style=\"vertical-align: inherit;\">15: 30-20: 00 <\/span><\/span><br><span style=\"vertical-align: inherit;\"><span style=\"vertical-align: inherit;\">sabato: 9: 00-12: 00<\/span><\/span><\/p>\n\n\n\n<p><strong><span style=\"vertical-align: inherit;\"><span style=\"vertical-align: inherit;\">Telefono e Fax<\/span><\/span><\/strong><\/p>\n\n\n\n<p><span style=\"vertical-align: inherit;\"><span style=\"vertical-align: inherit;\">0187\/420200 0187\/424161<\/span><\/span><\/p>\n\n\n\n<p>Cell. 338\/6886039<\/p>\n\n\n\n<p><strong><span style=\"vertical-align: inherit;\"><span style=\"vertical-align: inherit;\">Pec<\/span><\/span><\/strong><\/p>\n\n\n\n<p><span style=\"vertical-align: inherit;\"><span style=\"vertical-align: inherit;\">avvriccardocristofari@cnfpec.it<\/span><\/span><\/p>\n\n\n\n<p><strong><span style=\"vertical-align: inherit;\"><span style=\"vertical-align: inherit;\">Posta elettronica<\/span><\/span><\/strong><\/p>\n\n\n\n<p><span style=\"vertical-align: inherit;\"><span style=\"vertical-align: inherit;\">avvriccardocristofari@gmail.com<\/span><\/span><\/p>\n\n\n\n<figure class=\"wp-block-embed\"><div class=\"wp-block-embed__wrapper\">\nhttps:\/\/www.google.it\/maps\/place\/Cristofari+Avv.+Riccardo\/@44.2138039,9.9674599,15z\/data=!4m5!3m4!1s0x0:0xad79fc333e1e56e5!8m2!3d44.2138039!4d9.9674599\n<\/div><\/figure>\n\n\n\n<figure class=\"wp-block-gallery columns-1 is-cropped wp-block-gallery-1 is-layout-flex wp-block-gallery-is-layout-flex\"><ul class=\"blocks-gallery-grid\"><li class=\"blocks-gallery-item\"><figure><img loading=\"lazy\" decoding=\"async\" width=\"1024\" height=\"356\" src=\"http:\/\/studiolegalericcardocristofari.it\/wp-content\/uploads\/2021\/04\/127635354_119088876681910_2479781617966477673_n-3-1024x356.jpg\" alt=\"\" data-id=\"404\" data-full-url=\"http:\/\/studiolegalericcardocristofari.it\/wp-content\/uploads\/2021\/04\/127635354_119088876681910_2479781617966477673_n-3.jpg\" data-link=\"http:\/\/studiolegalericcardocristofari.it\/index.php\/contatti\/127635354_119088876681910_2479781617966477673_n-3\/\" class=\"wp-image-404\" srcset=\"https:\/\/studiolegalericcardocristofari.it\/wp-content\/uploads\/2021\/04\/127635354_119088876681910_2479781617966477673_n-3-1024x356.jpg 1024w, https:\/\/studiolegalericcardocristofari.it\/wp-content\/uploads\/2021\/04\/127635354_119088876681910_2479781617966477673_n-3-300x104.jpg 300w, https:\/\/studiolegalericcardocristofari.it\/wp-content\/uploads\/2021\/04\/127635354_119088876681910_2479781617966477673_n-3-768x267.jpg 768w, https:\/\/studiolegalericcardocristofari.it\/wp-content\/uploads\/2021\/04\/127635354_119088876681910_2479781617966477673_n-3-1536x534.jpg 1536w, https:\/\/studiolegalericcardocristofari.it\/wp-content\/uploads\/2021\/04\/127635354_119088876681910_2479781617966477673_n-3-2048x711.jpg 2048w\" sizes=\"(max-width: 767px) 89vw, (max-width: 1000px) 54vw, (max-width: 1071px) 543px, 580px\" \/><\/figure><\/li><\/ul><\/figure>\n","protected":false},"excerpt":{"rendered":"<p>Protocollo Anti Covid-19 Si informano i gentili Clienti: che il contatto con i clienti avverr\u00e0 di regola tramite modalit\u00e0 di collegamento a distanza e soluzioni tecnologiche (utilizzo piattaforma Teams, videoconferenze WhatsApp o Skipe); che l\u2019accesso dei Clienti, qualora si renda necessario, avverr\u00e0 solo tramite prenotazione e consentendo la presenza contemporanea di non pi\u00f9 di due &hellip; <\/p>\n<p class=\"link-more\"><a href=\"https:\/\/studiolegalericcardocristofari.it\/index.php\/contatti\/\" class=\"more-link\">Leggi tutto<span class=\"screen-reader-text\"> &#8220;Contatti&#8221;<\/span><\/a><\/p>\n","protected":false},"author":1,"featured_media":256,"parent":0,"menu_order":0,"comment_status":"closed","ping_status":"closed","template":"","meta":{"footnotes":""},"_links":{"self":[{"href":"https:\/\/studiolegalericcardocristofari.it\/index.php\/wp-json\/wp\/v2\/pages\/9"}],"collection":[{"href":"https:\/\/studiolegalericcardocristofari.it\/index.php\/wp-json\/wp\/v2\/pages"}],"about":[{"href":"https:\/\/studiolegalericcardocristofari.it\/index.php\/wp-json\/wp\/v2\/types\/page"}],"author":[{"embeddable":true,"href":"https:\/\/studiolegalericcardocristofari.it\/index.php\/wp-json\/wp\/v2\/users\/1"}],"replies":[{"embeddable":true,"href":"https:\/\/studiolegalericcardocristofari.it\/index.php\/wp-json\/wp\/v2\/comments?post=9"}],"version-history":[{"count":12,"href":"https:\/\/studiolegalericcardocristofari.it\/index.php\/wp-json\/wp\/v2\/pages\/9\/revisions"}],"predecessor-version":[{"id":405,"href":"https:\/\/studiolegalericcardocristofari.it\/index.php\/wp-json\/wp\/v2\/pages\/9\/revisions\/405"}],"wp:featuredmedia":[{"embeddable":true,"href":"https:\/\/studiolegalericcardocristofari.it\/index.php\/wp-json\/wp\/v2\/media\/256"}],"wp:attachment":[{"href":"https:\/\/studiolegalericcardocristofari.it\/index.php\/wp-json\/wp\/v2\/media?parent=9"}],"curies":[{"name":"wp","href":"https:\/\/api.w.org\/{rel}","templated":true}]}}