{"id":13,"date":"2017-11-06T18:36:03","date_gmt":"2017-11-06T17:36:03","guid":{"rendered":"http:\/\/studiolegalericcardocristofari.it\/?page_id=13"},"modified":"2023-11-22T10:06:54","modified_gmt":"2023-11-22T09:06:54","slug":"professionisti","status":"publish","type":"page","link":"https:\/\/studiolegalericcardocristofari.it\/index.php\/professionisti\/","title":{"rendered":"Professionisti"},"content":{"rendered":"\n<h2 class=\"wp-block-heading\"><img loading=\"lazy\" decoding=\"async\" class=\"alignnone size-medium wp-image-338\" src=\"http:\/\/studiolegalericcardocristofari.it\/wp-content\/uploads\/2019\/11\/foto-2-9-300x212.jpg\" alt=\"\" width=\"300\" height=\"212\" srcset=\"https:\/\/studiolegalericcardocristofari.it\/wp-content\/uploads\/2019\/11\/foto-2-9-300x212.jpg 300w, https:\/\/studiolegalericcardocristofari.it\/wp-content\/uploads\/2019\/11\/foto-2-9-768x542.jpg 768w, https:\/\/studiolegalericcardocristofari.it\/wp-content\/uploads\/2019\/11\/foto-2-9.jpg 1023w\" sizes=\"(max-width: 300px) 100vw, 300px\" \/><\/h2>\n\n\n\n<h2 class=\"wp-block-heading widget-title\"><em><span style=\"vertical-align: inherit;\"><span style=\"vertical-align: inherit;\"><span style=\"vertical-align: inherit;\"><span style=\"vertical-align: inherit;\">Avvocato Riccardo Cristofari<\/span><\/span><\/span><\/span><\/em><\/h2>\n\n\n\n<div class=\"textwidget\">\n<p><span style=\"vertical-align: inherit;\"><span style=\"vertical-align: inherit;\"><span style=\"vertical-align: inherit;\"><span style=\"vertical-align: inherit;\">Nato a La Spezia, si \u00e8 laureato in Giurisprudenza presso l&#8217;Universit\u00e0 degli Studi di Pisa discutendo una tesi dal titolo &#8220;Rimedi sinallagmatici nei contratti reali&#8221; con relatore Lina Bigliazzi Geri.<\/span><\/span><\/span><\/span><\/p>\n<p><span style=\"vertical-align: inherit;\"><span style=\"vertical-align: inherit;\"><span style=\"vertical-align: inherit;\"><span style=\"vertical-align: inherit;\">\u00c8 <\/span><\/span><\/span><\/span><span style=\"vertical-align: inherit;\"><span style=\"vertical-align: inherit;\"><span style=\"vertical-align: inherit;\"><span style=\"vertical-align: inherit;\">avvocato<\/span><\/span><\/span><\/span><span style=\"vertical-align: inherit;\"><span style=\"vertical-align: inherit;\"><span style=\"vertical-align: inherit;\"><span style=\"vertical-align: inherit;\"> iscritto all&#8217;Ordine degli Avvocati di Massa dal 1999, abilitato al patrocinio presso la Corte Suprema di Cassazione.<\/span><\/span><\/span><\/span><\/p>\n<p><span style=\"vertical-align: inherit;\"><span style=\"vertical-align: inherit;\"><span style=\"vertical-align: inherit;\"><span style=\"vertical-align: inherit;\">Gi\u00e0 <\/span><\/span><\/span><\/span><span style=\"vertical-align: inherit;\"><span style=\"vertical-align: inherit;\"><span style=\"vertical-align: inherit;\"><span style=\"vertical-align: inherit;\">professore a contratto di Istituzioni di diritto privato<\/span><\/span><\/span><\/span><span style=\"vertical-align: inherit;\"><span style=\"vertical-align: inherit;\"><span style=\"vertical-align: inherit;\"><span style=\"vertical-align: inherit;\"> presso il Dipartimento di Economia e Management dell&#8217;Universit\u00e0 di Pisa dal 2012 al 2023<\/span><\/span><\/span><\/span><span style=\"vertical-align: inherit;\"><span style=\"vertical-align: inherit;\"><span style=\"vertical-align: inherit;\"><span style=\"vertical-align: inherit;\">.<\/span><\/span><\/span><\/span><\/p>\n<p><span style=\"vertical-align: inherit;\">\u00c8 autore di numerose pubblicazioni per le maggiori case editrici italiane (Giuffr\u00e9, Utet, Cedam, Key).<\/span><\/p>\n<p><span style=\"vertical-align: inherit;\"><span style=\"vertical-align: inherit;\"><span style=\"vertical-align: inherit;\"><span style=\"vertical-align: inherit;\">Fa parte della redazione della rivista Persona &amp; Danno.<\/span><\/span><\/span><\/span><\/p>\n<p><span style=\"vertical-align: inherit;\">L&#8217;esperienza accademica e specialistica, maturata in pi\u00f9 di vent&#8217;anni, consente di garantire ai clienti la massima competenza e affidabilit\u00e0, requisiti indispensabili nell&#8217;attuale contesto storico caratterizzato da un&#8217;accentuata complessit\u00e0 delle fonti&nbsp; e da una rapida evoluzione giurisprudenziale e dottrinale.<\/span><\/p>\n<\/div>\n\n\n\n<figure class=\"wp-block-gallery has-nested-images columns-default is-cropped wp-block-gallery-1 is-layout-flex wp-block-gallery-is-layout-flex\">\n<figure class=\"wp-block-image size-large\"><img loading=\"lazy\" decoding=\"async\" width=\"1024\" height=\"356\" data-id=\"402\" src=\"http:\/\/studiolegalericcardocristofari.it\/wp-content\/uploads\/2021\/04\/127635354_119088876681910_2479781617966477673_n-2-1024x356.jpg\" alt=\"\" class=\"wp-image-402\" srcset=\"https:\/\/studiolegalericcardocristofari.it\/wp-content\/uploads\/2021\/04\/127635354_119088876681910_2479781617966477673_n-2-1024x356.jpg 1024w, https:\/\/studiolegalericcardocristofari.it\/wp-content\/uploads\/2021\/04\/127635354_119088876681910_2479781617966477673_n-2-300x104.jpg 300w, https:\/\/studiolegalericcardocristofari.it\/wp-content\/uploads\/2021\/04\/127635354_119088876681910_2479781617966477673_n-2-768x267.jpg 768w, https:\/\/studiolegalericcardocristofari.it\/wp-content\/uploads\/2021\/04\/127635354_119088876681910_2479781617966477673_n-2-1536x534.jpg 1536w, https:\/\/studiolegalericcardocristofari.it\/wp-content\/uploads\/2021\/04\/127635354_119088876681910_2479781617966477673_n-2-2048x711.jpg 2048w\" sizes=\"(max-width: 767px) 89vw, (max-width: 1000px) 54vw, (max-width: 1071px) 543px, 580px\" \/><\/figure>\n<\/figure>\n\n\n\n<p><\/p>\n\n\n\n<p><\/p>\n","protected":false},"excerpt":{"rendered":"<p>Avvocato Riccardo Cristofari Nato a La Spezia, si \u00e8 laureato in Giurisprudenza presso l&#8217;Universit\u00e0 degli Studi di Pisa discutendo una tesi dal titolo &#8220;Rimedi sinallagmatici nei contratti reali&#8221; con relatore Lina Bigliazzi Geri. \u00c8 avvocato iscritto all&#8217;Ordine degli Avvocati di Massa dal 1999, abilitato al patrocinio presso la Corte Suprema di Cassazione. Gi\u00e0 professore a &hellip; <\/p>\n<p class=\"link-more\"><a href=\"https:\/\/studiolegalericcardocristofari.it\/index.php\/professionisti\/\" class=\"more-link\">Leggi tutto<span class=\"screen-reader-text\"> &#8220;Professionisti&#8221;<\/span><\/a><\/p>\n","protected":false},"author":1,"featured_media":164,"parent":0,"menu_order":0,"comment_status":"closed","ping_status":"closed","template":"","meta":{"footnotes":""},"_links":{"self":[{"href":"https:\/\/studiolegalericcardocristofari.it\/index.php\/wp-json\/wp\/v2\/pages\/13"}],"collection":[{"href":"https:\/\/studiolegalericcardocristofari.it\/index.php\/wp-json\/wp\/v2\/pages"}],"about":[{"href":"https:\/\/studiolegalericcardocristofari.it\/index.php\/wp-json\/wp\/v2\/types\/page"}],"author":[{"embeddable":true,"href":"https:\/\/studiolegalericcardocristofari.it\/index.php\/wp-json\/wp\/v2\/users\/1"}],"replies":[{"embeddable":true,"href":"https:\/\/studiolegalericcardocristofari.it\/index.php\/wp-json\/wp\/v2\/comments?post=13"}],"version-history":[{"count":26,"href":"https:\/\/studiolegalericcardocristofari.it\/index.php\/wp-json\/wp\/v2\/pages\/13\/revisions"}],"predecessor-version":[{"id":457,"href":"https:\/\/studiolegalericcardocristofari.it\/index.php\/wp-json\/wp\/v2\/pages\/13\/revisions\/457"}],"wp:featuredmedia":[{"embeddable":true,"href":"https:\/\/studiolegalericcardocristofari.it\/index.php\/wp-json\/wp\/v2\/media\/164"}],"wp:attachment":[{"href":"https:\/\/studiolegalericcardocristofari.it\/index.php\/wp-json\/wp\/v2\/media?parent=13"}],"curies":[{"name":"wp","href":"https:\/\/api.w.org\/{rel}","templated":true}]}}